{"id":32,"date":"2022-04-30T00:57:35","date_gmt":"2022-04-30T00:57:35","guid":{"rendered":"https:\/\/padremisericordioso.org\/?page_id=32"},"modified":"2022-07-01T22:50:42","modified_gmt":"2022-07-01T22:50:42","slug":"donde-estamos","status":"publish","type":"page","link":"https:\/\/padremisericordioso.org\/en\/nuestro-trabajo\/donde-estamos\/","title":{"rendered":"D\u00f3nde estamos"},"content":{"rendered":"<div data-elementor-type=\"wp-page\" data-elementor-id=\"32\" class=\"elementor elementor-32\">\n\t\t\t\t\t\t<section class=\"elementor-section elementor-top-section elementor-element elementor-element-3069ee4 elementor-section-full_width elementor-section-height-default elementor-section-height-default\" data-id=\"3069ee4\" data-element_type=\"section\">\n\t\t\t\t\t\t<div class=\"elementor-container elementor-column-gap-default\">\n\t\t\t\t\t<div class=\"elementor-column elementor-col-66 elementor-top-column elementor-element elementor-element-b20a269\" data-id=\"b20a269\" data-element_type=\"column\" data-settings=\"{&quot;background_background&quot;:&quot;classic&quot;}\">\n\t\t\t<div class=\"elementor-widget-wrap elementor-element-populated\">\n\t\t\t\t\t\t<div class=\"elementor-element elementor-element-b8fc31e elementor-widget elementor-widget-heading\" data-id=\"b8fc31e\" data-element_type=\"widget\" data-widget_type=\"heading.default\">\n\t\t\t\t<div class=\"elementor-widget-container\">\n\t\t\t\t\t<h2 class=\"elementor-heading-title elementor-size-default\">OUR WORK<\/h2>\t\t\t\t<\/div>\n\t\t\t\t<\/div>\n\t\t\t\t\t<\/div>\n\t\t<\/div>\n\t\t\t\t<div class=\"elementor-column elementor-col-33 elementor-top-column elementor-element elementor-element-d96f5a8\" data-id=\"d96f5a8\" data-element_type=\"column\">\n\t\t\t<div class=\"elementor-widget-wrap elementor-element-populated\">\n\t\t\t\t\t\t<div class=\"elementor-element elementor-element-54d9069 elementor-widget elementor-widget-image\" data-id=\"54d9069\" data-element_type=\"widget\" data-widget_type=\"image.default\">\n\t\t\t\t<div class=\"elementor-widget-container\">\n\t\t\t\t\t\t\t\t\t\t\t\t\t\t\t\t<a href=\"http:\/\/padremisericordioso.org\/en\/\">\n\t\t\t\t\t\t\t<img decoding=\"async\" width=\"200\" height=\"75\" src=\"https:\/\/padremisericordioso.org\/wp-content\/uploads\/2022\/05\/Logo-Comunidad-RGB-e1651543919316.png\" class=\"attachment-full size-full wp-image-204\" alt=\"\" \/>\t\t\t\t\t\t\t\t<\/a>\n\t\t\t\t\t\t\t\t\t\t\t\t\t\t\t<\/div>\n\t\t\t\t<\/div>\n\t\t\t\t\t<\/div>\n\t\t<\/div>\n\t\t\t\t\t<\/div>\n\t\t<\/section>\n\t\t\t\t<section class=\"elementor-section elementor-top-section elementor-element elementor-element-9c5062e elementor-section-full_width elementor-section-height-default elementor-section-height-default\" data-id=\"9c5062e\" data-element_type=\"section\">\n\t\t\t\t\t\t<div class=\"elementor-container elementor-column-gap-default\">\n\t\t\t\t\t<div class=\"elementor-column elementor-col-66 elementor-top-column elementor-element elementor-element-ca06b04\" data-id=\"ca06b04\" data-element_type=\"column\" data-settings=\"{&quot;background_background&quot;:&quot;classic&quot;}\">\n\t\t\t<div class=\"elementor-widget-wrap elementor-element-populated\">\n\t\t\t\t\t\t<section class=\"elementor-section elementor-inner-section elementor-element elementor-element-6296b53 elementor-section-boxed elementor-section-height-default elementor-section-height-default\" data-id=\"6296b53\" data-element_type=\"section\">\n\t\t\t\t\t\t<div class=\"elementor-container elementor-column-gap-default\">\n\t\t\t\t\t<div class=\"elementor-column elementor-col-100 elementor-inner-column elementor-element elementor-element-f7ebda2\" data-id=\"f7ebda2\" data-element_type=\"column\" data-settings=\"{&quot;background_background&quot;:&quot;classic&quot;}\">\n\t\t\t<div class=\"elementor-widget-wrap elementor-element-populated\">\n\t\t\t\t\t\t<div class=\"elementor-element elementor-element-8de9740 elementor-widget elementor-widget-heading\" data-id=\"8de9740\" data-element_type=\"widget\" data-widget_type=\"heading.default\">\n\t\t\t\t<div class=\"elementor-widget-container\">\n\t\t\t\t\t<h2 class=\"elementor-heading-title elementor-size-default\">d\u00f3nde estamos<\/h2>\t\t\t\t<\/div>\n\t\t\t\t<\/div>\n\t\t\t\t<div class=\"elementor-element elementor-element-325e48d elementor-widget elementor-widget-image\" data-id=\"325e48d\" data-element_type=\"widget\" data-widget_type=\"image.default\">\n\t\t\t\t<div class=\"elementor-widget-container\">\n\t\t\t\t\t\t\t\t\t\t\t\t\t\t\t<img fetchpriority=\"high\" decoding=\"async\" width=\"485\" height=\"1024\" src=\"https:\/\/padremisericordioso.org\/wp-content\/uploads\/2022\/05\/banner-corregido-485x1024.png\" class=\"attachment-large size-large wp-image-565\" alt=\"\" srcset=\"https:\/\/padremisericordioso.org\/wp-content\/uploads\/2022\/05\/banner-corregido-485x1024.png 485w, https:\/\/padremisericordioso.org\/wp-content\/uploads\/2022\/05\/banner-corregido-142x300.png 142w, https:\/\/padremisericordioso.org\/wp-content\/uploads\/2022\/05\/banner-corregido-768x1622.png 768w, https:\/\/padremisericordioso.org\/wp-content\/uploads\/2022\/05\/banner-corregido-728x1536.png 728w, https:\/\/padremisericordioso.org\/wp-content\/uploads\/2022\/05\/banner-corregido-970x2048.png 970w\" sizes=\"(max-width: 485px) 100vw, 485px\" \/>\t\t\t\t\t\t\t\t\t\t\t\t\t\t\t<\/div>\n\t\t\t\t<\/div>\n\t\t\t\t<div class=\"elementor-element elementor-element-d335805 elementor-widget elementor-widget-html\" data-id=\"d335805\" data-element_type=\"widget\" data-widget_type=\"html.default\">\n\t\t\t\t<div class=\"elementor-widget-container\">\n\t\t\t\t\t<iframe src=\"https:\/\/www.google.com\/maps\/d\/embed?mid=1XRJrNvUfE4Trz45qCs6FQQedOrvlexBb&ehbc=2E312F\" width=\"640\" height=\"480\"><\/iframe>\t\t\t\t<\/div>\n\t\t\t\t<\/div>\n\t\t\t\t\t<\/div>\n\t\t<\/div>\n\t\t\t\t\t<\/div>\n\t\t<\/section>\n\t\t\t\t\t<\/div>\n\t\t<\/div>\n\t\t\t\t<div class=\"elementor-column elementor-col-33 elementor-top-column elementor-element elementor-element-419a459\" data-id=\"419a459\" data-element_type=\"column\">\n\t\t\t<div class=\"elementor-widget-wrap elementor-element-populated\">\n\t\t\t\t\t\t<section class=\"elementor-section elementor-inner-section elementor-element elementor-element-bd8d54d elementor-section-boxed elementor-section-height-default elementor-section-height-default\" data-id=\"bd8d54d\" data-element_type=\"section\">\n\t\t\t\t\t\t<div class=\"elementor-container elementor-column-gap-default\">\n\t\t\t\t\t<div class=\"elementor-column elementor-col-100 elementor-inner-column elementor-element elementor-element-e69ca1c\" data-id=\"e69ca1c\" data-element_type=\"column\" data-settings=\"{&quot;background_background&quot;:&quot;classic&quot;}\">\n\t\t\t<div class=\"elementor-widget-wrap elementor-element-populated\">\n\t\t\t\t\t\t<div class=\"elementor-element elementor-element-09256b7 elementor-widget elementor-widget-text-editor\" data-id=\"09256b7\" data-element_type=\"widget\" data-widget_type=\"text-editor.default\">\n\t\t\t\t<div class=\"elementor-widget-container\">\n\t\t\t\t\t\t\t\t\t<p style=\"text-align: center; font-size: 3.5rem; font-family: Bebas Neue; font-weight: 600;\"><span style=\"color: #000000;\"><a href=\"https:\/\/padremisericordioso.org\/en\/nuestro-trabajo\/centros-de-asistencia-terapeutica\/\" style=\"color: #000000;\">CENTROS TERAP\u00c9UTICOS<\/a><\/span><\/p><p style=\"text-align: center;\"><span style=\"color: #000000;\">Donde se desarrollan tratamientos integrales a cargo de profesionales de distintas disciplinas.<\/span><\/p>\t\t\t\t\t\t\t\t<\/div>\n\t\t\t\t<\/div>\n\t\t\t\t<div class=\"elementor-element elementor-element-2e6f17a elementor-widget elementor-widget-text-editor\" data-id=\"2e6f17a\" data-element_type=\"widget\" data-widget_type=\"text-editor.default\">\n\t\t\t\t<div class=\"elementor-widget-container\">\n\t\t\t\t\t\t\t\t\t<p style=\"text-align: center; font-size: 3.5rem; font-family: Bebas Neue; font-weight: 600;\"><span style=\"color: #000000;\"><a href=\"https:\/\/padremisericordioso.org\/en\/nuestro-trabajo\/centros-de-insercion\/\" style=\"color: #000000;\">REINTEGRATION CENTERS<\/a><br \/><\/span><\/p><p style=\"text-align: center;\"><span style=\"color: #000000;\">Donde se desarrollan programas de formaci\u00f3n y capacitaci\u00f3n para promover la inserci\u00f3n socio laboral.<\/span><\/p>\t\t\t\t\t\t\t\t<\/div>\n\t\t\t\t<\/div>\n\t\t\t\t<div class=\"elementor-element elementor-element-6ef645a elementor-widget elementor-widget-text-editor\" data-id=\"6ef645a\" data-element_type=\"widget\" data-widget_type=\"text-editor.default\">\n\t\t\t\t<div class=\"elementor-widget-container\">\n\t\t\t\t\t\t\t\t\t<p style=\"text-align: center; font-size: 3.5rem; font-family: Bebas Neue; font-weight: 600;\"><span style=\"color: #000000;\"><a href=\"https:\/\/padremisericordioso.org\/en\/nuestro-trabajo\/cooperativa\/\" style=\"color: #000000;\">COOPERATIVA<\/a><br \/><\/span><\/p><p style=\"text-align: center;\"><span style=\"color: #000000;\">Conformamos la &#8220;Cooperativa de Trabajo Padre Misericordioso Ltda.&#8221; orientada a brindar acompa\u00f1amiento integral a quienes padecen adicciones.<\/span><\/p>\t\t\t\t\t\t\t\t<\/div>\n\t\t\t\t<\/div>\n\t\t\t\t<div class=\"elementor-element elementor-element-10868cd elementor-widget elementor-widget-text-editor\" data-id=\"10868cd\" data-element_type=\"widget\" data-widget_type=\"text-editor.default\">\n\t\t\t\t<div class=\"elementor-widget-container\">\n\t\t\t\t\t\t\t\t\t<p style=\"text-align: center; font-size: 3.5rem; font-family: Bebas Neue; font-weight: 600;\"><span style=\"color: #000000;\"><a href=\"https:\/\/padremisericordioso.org\/en\/nuestro-trabajo\/donde-estamos\/\" style=\"color: #000000;\">D\u00d3NDE ESTAMOS<\/a><br \/><\/span><\/p><p style=\"text-align: center;\">Nuestro trabajo territorial se desarrolla en doce barrios de Rosario y de localidades cercanas.<\/p>\t\t\t\t\t\t\t\t<\/div>\n\t\t\t\t<\/div>\n\t\t\t\t\t<\/div>\n\t\t<\/div>\n\t\t\t\t\t<\/div>\n\t\t<\/section>\n\t\t\t\t\t<\/div>\n\t\t<\/div>\n\t\t\t\t\t<\/div>\n\t\t<\/section>\n\t\t\t\t<\/div>","protected":false},"excerpt":{"rendered":"<p>NUESTRO TRABAJO d\u00f3nde estamos CENTROS TERAP\u00c9UTICOS Donde se desarrollan tratamientos integrales a cargo de profesionales de distintas disciplinas. CENTROS DE [&hellip;]<\/p>","protected":false},"author":2,"featured_media":0,"parent":22,"menu_order":0,"comment_status":"closed","ping_status":"closed","template":"elementor_header_footer","meta":{"om_disable_all_campaigns":false,"_monsterinsights_skip_tracking":false,"_monsterinsights_sitenote_active":false,"_monsterinsights_sitenote_note":"","_monsterinsights_sitenote_category":0,"site-sidebar-layout":"default","site-content-layout":"","ast-site-content-layout":"default","site-content-style":"default","site-sidebar-style":"default","ast-global-header-display":"","ast-banner-title-visibility":"","ast-main-header-display":"","ast-hfb-above-header-display":"","ast-hfb-below-header-display":"","ast-hfb-mobile-header-display":"","site-post-title":"","ast-breadcrumbs-content":"","ast-featured-img":"","footer-sml-layout":"","ast-disable-related-posts":"","theme-transparent-header-meta":"","adv-header-id-meta":"","stick-header-meta":"","header-above-stick-meta":"","header-main-stick-meta":"","header-below-stick-meta":"","astra-migrate-meta-layouts":"default","ast-page-background-enabled":"default","ast-page-background-meta":{"desktop":{"background-color":"var(--ast-global-color-4)","background-image":"","background-repeat":"repeat","background-position":"center center","background-size":"auto","background-attachment":"scroll","background-type":"","background-media":"","overlay-type":"","overlay-color":"","overlay-opacity":"","overlay-gradient":""},"tablet":{"background-color":"","background-image":"","background-repeat":"repeat","background-position":"center center","background-size":"auto","background-attachment":"scroll","background-type":"","background-media":"","overlay-type":"","overlay-color":"","overlay-opacity":"","overlay-gradient":""},"mobile":{"background-color":"","background-image":"","background-repeat":"repeat","background-position":"center center","background-size":"auto","background-attachment":"scroll","background-type":"","background-media":"","overlay-type":"","overlay-color":"","overlay-opacity":"","overlay-gradient":""}},"ast-content-background-meta":{"desktop":{"background-color":"var(--ast-global-color-5)","background-image":"","background-repeat":"repeat","background-position":"center center","background-size":"auto","background-attachment":"scroll","background-type":"","background-media":"","overlay-type":"","overlay-color":"","overlay-opacity":"","overlay-gradient":""},"tablet":{"background-color":"var(--ast-global-color-5)","background-image":"","background-repeat":"repeat","background-position":"center center","background-size":"auto","background-attachment":"scroll","background-type":"","background-media":"","overlay-type":"","overlay-color":"","overlay-opacity":"","overlay-gradient":""},"mobile":{"background-color":"var(--ast-global-color-5)","background-image":"","background-repeat":"repeat","background-position":"center center","background-size":"auto","background-attachment":"scroll","background-type":"","background-media":"","overlay-type":"","overlay-color":"","overlay-opacity":"","overlay-gradient":""}},"footnotes":""},"class_list":["post-32","page","type-page","status-publish","hentry"],"aioseo_notices":[],"_links":{"self":[{"href":"https:\/\/padremisericordioso.org\/en\/wp-json\/wp\/v2\/pages\/32","targetHints":{"allow":["GET"]}}],"collection":[{"href":"https:\/\/padremisericordioso.org\/en\/wp-json\/wp\/v2\/pages"}],"about":[{"href":"https:\/\/padremisericordioso.org\/en\/wp-json\/wp\/v2\/types\/page"}],"author":[{"embeddable":true,"href":"https:\/\/padremisericordioso.org\/en\/wp-json\/wp\/v2\/users\/2"}],"replies":[{"embeddable":true,"href":"https:\/\/padremisericordioso.org\/en\/wp-json\/wp\/v2\/comments?post=32"}],"version-history":[{"count":28,"href":"https:\/\/padremisericordioso.org\/en\/wp-json\/wp\/v2\/pages\/32\/revisions"}],"predecessor-version":[{"id":1590,"href":"https:\/\/padremisericordioso.org\/en\/wp-json\/wp\/v2\/pages\/32\/revisions\/1590"}],"up":[{"embeddable":true,"href":"https:\/\/padremisericordioso.org\/en\/wp-json\/wp\/v2\/pages\/22"}],"wp:attachment":[{"href":"https:\/\/padremisericordioso.org\/en\/wp-json\/wp\/v2\/media?parent=32"}],"curies":[{"name":"wp","href":"https:\/\/api.w.org\/{rel}","templated":true}]}}